{"id":1212,"date":"2024-08-24T01:52:39","date_gmt":"2024-08-24T01:52:39","guid":{"rendered":"https:\/\/alancabelloarte.com\/?page_id=1212"},"modified":"2024-08-24T01:52:39","modified_gmt":"2024-08-24T01:52:39","slug":"envio","status":"publish","type":"page","link":"https:\/\/alancabelloarte.com\/en\/envio\/","title":{"rendered":"ENV\u00cdO"},"content":{"rendered":"<div class=\"wp-block-uagb-info-box uagb-block-43f2081c uagb-infobox__content-wrap  uagb-infobox-icon-above-title uagb-infobox-image-valign-top\"><div class=\"uagb-ifb-content\"><div class=\"uagb-ifb-icon-wrap\"><svg xmlns=\"https:\/\/www.w3.org\/2000\/svg\" viewbox=\"0 0 640 512\"><path d=\"M75.23 33.4L320 63.1L564.8 33.4C571.5 32.56 578 36.06 581.1 42.12L622.8 125.5C631.7 143.4 622.2 165.1 602.9 170.6L439.6 217.3C425.7 221.2 410.8 215.4 403.4 202.1L320 63.1L236.6 202.1C229.2 215.4 214.3 221.2 200.4 217.3L37.07 170.6C17.81 165.1 8.283 143.4 17.24 125.5L58.94 42.12C61.97 36.06 68.5 32.56 75.23 33.4H75.23zM321.1 128L375.9 219.4C390.8 244.2 420.5 255.1 448.4 248L576 211.6V378.5C576 400.5 561 419.7 539.6 425.1L335.5 476.1C325.3 478.7 314.7 478.7 304.5 476.1L100.4 425.1C78.99 419.7 64 400.5 64 378.5V211.6L191.6 248C219.5 255.1 249.2 244.2 264.1 219.4L318.9 128H321.1z\"><\/path><\/svg><\/div><div class=\"uagb-ifb-title-wrap\"><h3 class=\"uagb-ifb-title\">Acerca de los Env\u00edos<\/h3><\/div><p class=\"uagb-ifb-desc\">Las pinturas, dibujos y obras en general que sean f\u00edsicas ser\u00e1n enviadas a la direcci\u00f3n de env\u00edo que se introduzca al realizar la compra o pedido.<br><br>Una vez realizado el pago y se haya procesado y confirmado de realizado el pago (dependiendo del m\u00e9todo de pago utilizado) se enviar\u00e1 la obra, el tiempo que tarde el env\u00edo puede variar dependiendo el m\u00e9todo de pago.<br><br>Los tiempos de env\u00edo depender\u00e1n de la paqueter\u00eda utilizada. No se trabaja con ninguna paqueter\u00eda en espec\u00edfico.<br><br>La elecci\u00f3n de la paqueter\u00eda, seguros, costos, etc. puede recaer totalmente en el comprador. Para env\u00edos nacionales no se aplican costos de env\u00edo, servicios adicionales si pueden tener alg\u00fan costo.<br><br>Para el proceso de env\u00edo se contactar\u00e1 a los compradores posteriormente a la compra para llegar a un acuerdo con el proceso de env\u00edo y que dicho proceso quede en satisfacci\u00f3n del cliente.<br><br><br><br><br><br><\/p><\/div><\/div>","protected":false},"excerpt":{"rendered":"","protected":false},"author":1,"featured_media":0,"parent":0,"menu_order":0,"comment_status":"closed","ping_status":"closed","template":"","meta":{"_uag_custom_page_level_css":"","site-sidebar-layout":"default","site-content-layout":"","ast-site-content-layout":"default","site-content-style":"default","site-sidebar-style":"default","ast-global-header-display":"","ast-banner-title-visibility":"","ast-main-header-display":"","ast-hfb-above-header-display":"","ast-hfb-below-header-display":"","ast-hfb-mobile-header-display":"","site-post-title":"","ast-breadcrumbs-content":"","ast-featured-img":"","footer-sml-layout":"","ast-disable-related-posts":"","theme-transparent-header-meta":"","adv-header-id-meta":"","stick-header-meta":"","header-above-stick-meta":"","header-main-stick-meta":"","header-below-stick-meta":"","astra-migrate-meta-layouts":"set","ast-page-background-enabled":"default","ast-page-background-meta":{"desktop":{"background-color":"var(--ast-global-color-4)","background-image":"","background-repeat":"repeat","background-position":"center center","background-size":"auto","background-attachment":"scroll","background-type":"","background-media":"","overlay-type":"","overlay-color":"","overlay-opacity":"","overlay-gradient":""},"tablet":{"background-color":"","background-image":"","background-repeat":"repeat","background-position":"center center","background-size":"auto","background-attachment":"scroll","background-type":"","background-media":"","overlay-type":"","overlay-color":"","overlay-opacity":"","overlay-gradient":""},"mobile":{"background-color":"","background-image":"","background-repeat":"repeat","background-position":"center center","background-size":"auto","background-attachment":"scroll","background-type":"","background-media":"","overlay-type":"","overlay-color":"","overlay-opacity":"","overlay-gradient":""}},"ast-content-background-meta":{"desktop":{"background-color":"var(--ast-global-color-5)","background-image":"","background-repeat":"repeat","background-position":"center center","background-size":"auto","background-attachment":"scroll","background-type":"","background-media":"","overlay-type":"","overlay-color":"","overlay-opacity":"","overlay-gradient":""},"tablet":{"background-color":"var(--ast-global-color-5)","background-image":"","background-repeat":"repeat","background-position":"center center","background-size":"auto","background-attachment":"scroll","background-type":"","background-media":"","overlay-type":"","overlay-color":"","overlay-opacity":"","overlay-gradient":""},"mobile":{"background-color":"var(--ast-global-color-5)","background-image":"","background-repeat":"repeat","background-position":"center center","background-size":"auto","background-attachment":"scroll","background-type":"","background-media":"","overlay-type":"","overlay-color":"","overlay-opacity":"","overlay-gradient":""}},"footnotes":""},"class_list":["post-1212","page","type-page","status-publish","hentry"],"uagb_featured_image_src":{"full":false,"thumbnail":false,"medium":false,"medium_large":false,"large":false,"1536x1536":false,"2048x2048":false,"trp-custom-language-flag":false,"woocommerce_thumbnail":false,"woocommerce_single":false,"woocommerce_gallery_thumbnail":false},"uagb_author_info":{"display_name":"admin","author_link":"https:\/\/alancabelloarte.com\/en\/author\/admin\/"},"uagb_comment_info":0,"uagb_excerpt":null,"_links":{"self":[{"href":"https:\/\/alancabelloarte.com\/en\/wp-json\/wp\/v2\/pages\/1212","targetHints":{"allow":["GET"]}}],"collection":[{"href":"https:\/\/alancabelloarte.com\/en\/wp-json\/wp\/v2\/pages"}],"about":[{"href":"https:\/\/alancabelloarte.com\/en\/wp-json\/wp\/v2\/types\/page"}],"author":[{"embeddable":true,"href":"https:\/\/alancabelloarte.com\/en\/wp-json\/wp\/v2\/users\/1"}],"replies":[{"embeddable":true,"href":"https:\/\/alancabelloarte.com\/en\/wp-json\/wp\/v2\/comments?post=1212"}],"version-history":[{"count":1,"href":"https:\/\/alancabelloarte.com\/en\/wp-json\/wp\/v2\/pages\/1212\/revisions"}],"predecessor-version":[{"id":1213,"href":"https:\/\/alancabelloarte.com\/en\/wp-json\/wp\/v2\/pages\/1212\/revisions\/1213"}],"wp:attachment":[{"href":"https:\/\/alancabelloarte.com\/en\/wp-json\/wp\/v2\/media?parent=1212"}],"curies":[{"name":"wp","href":"https:\/\/api.w.org\/{rel}","templated":true}]}}