{"id":3,"date":"2024-04-06T16:47:49","date_gmt":"2024-04-06T16:47:49","guid":{"rendered":"https:\/\/alancabelloarte.com\/?page_id=3"},"modified":"2024-08-20T02:45:51","modified_gmt":"2024-08-20T02:45:51","slug":"politica-de-privacidad","status":"publish","type":"page","link":"https:\/\/alancabelloarte.com\/en\/politica-de-privacidad\/","title":{"rendered":"Pol\u00edtica de Privacidad y Devoluciones"},"content":{"rendered":"<h2 class=\"wp-block-heading\">Quienes Somos<\/h2>\n\n\n\n<p>Nuestra direcci\u00f3n es: https:\/\/alancabelloarte.com.<\/p>\n\n\n\n<h2 class=\"wp-block-heading\">Comentarios<\/h2>\n\n\n\n<p>Cuando los visitantes dejan comentarios en el sitio web, recolectamos informaci\u00f3n que se muestra en el formulario de los comentarios, as\u00ed como la direcci\u00f3n IP y el &#8220;user agent string&#8221; del navegador para ayudar con la detecci\u00f3n del spam.<\/p>\n\n\n\n<p>Un &#8220;string&#8221; an\u00f3nimo se crea de tu direcci\u00f3n de correo (tambi\u00e9n llamado &#8220;hash&#8221;), puede proveer al servicio del &#8220;Gravatar&#8221; para ver si esta siendo usado. La pol\u00edtica de privacidad del servicio de &#8220;Gravatar&#8221; est\u00e1 disponible en:  https:\/\/automattic.com\/privacy\/. Despu\u00e9s de aprobado tu comentario, tu foto de perfil es visible para el p\u00fablico en el contexto de tu comentario.<\/p>\n\n\n\n<h2 class=\"wp-block-heading\">Medios<\/h2>\n\n\n\n<p>Si subes una imagen al sitio web, deber\u00edas evitar subir im\u00e1genes, con informaci\u00f3n incrustada (EXIF GPS) incluidos. Visitantes al sitio web pueden bajar y extraer cualquier informaci\u00f3n de ubicaci\u00f3n de las im\u00e1genes en el sitio web.<\/p>\n\n\n\n<h2 class=\"wp-block-heading\">Cookies<\/h2>\n\n\n\n<p>Si dejas un comentario en nuestro sitio web, puedes optar en guardar tu nombre, correo, y sitio web en las cookies. Esto es para tu conveniencia de manera que no tengas que ingresar tus detalles de nuevo cuando dejas otro comentario, estas cookies durar\u00e1n por un a\u00f1o.<\/p>\n\n\n\n<p>Si visitas nuestra pagina de login (acceso), pondremos una cookie temporal para determinar si tu buscador acepta cookies. Estas cookies, no contienen informaci\u00f3n personal, y se descarta cuando cierras tu navegador.<\/p>\n\n\n\n<p>Cuando ingresas, tambi\u00e9n preparamos varias cookies para guardar tu informaci\u00f3n de acceso, y tu pantalla pueda disponer opciones. Las cookies de acceso duran dos d\u00edas, y las opciones de pantalla, duran un a\u00f1o. Si se selecciona, &#8220;Recu\u00e9rdame&#8221;, tu acceso permanecer\u00e1 por dos semanas. Si sales de tu cuenta, el acceso de las cookies ser\u00e1 removido.<\/p>\n\n\n\n<p>Si editas o publicas un art\u00edculo, una cookie adicional se guardar\u00e1 en tu navegador. Esta cookie no incluye informaci\u00f3n personal y simplemente indica el ID del art\u00edculo que editaste, expira en un d\u00eda.<\/p>\n\n\n\n<h2 class=\"wp-block-heading\">Contenido Incrustado de otros Sitios Web<\/h2>\n\n\n\n<p>Este sitio puede contener contenido incrustado (videos, im\u00e1genes, art\u00edculos, etc.). Contenido incrustado de otras p\u00e1ginas es tratado como si el usuario hubiera visitado el otro sitio web.<\/p>\n\n\n\n<p>Estos sitios web pueden recolectar informaci\u00f3n acerca de ti, usar cookies, seguimiento adicional incrustado por parte de terceros, as\u00ed como monitorear tu interacci\u00f3n con ese contenido incrustado, incluyendo el seguimiento de tu interacci\u00f3n con el contenido incrustado si tienes una cuenta y has ingresado en ese sitio web.<\/p>\n\n\n\n<h2 class=\"wp-block-heading\">Con qui\u00e9n compartimos tu informaci\u00f3n<\/h2>\n\n\n\n<p>Si se solicita el reseteo de un password, la direcci\u00f3n IP ser\u00e1 incluida en el correo de reseteo.<\/p>\n\n\n\n<h2 class=\"wp-block-heading\">Qu\u00e9 tanto tiempo retenemos tu informaci\u00f3n<\/h2>\n\n\n\n<p>Si dejas un comentario, el comentario y su metadata son retenidos indefinidamente, esto para poder reconocer y aprobar cualquier seguimiento de comentarios de manera autom\u00e1tica en vez de mantenerlo en una espera de moderaci\u00f3n.<\/p>\n\n\n\n<p>Para los usuarios que se registran en este sitio web, tambi\u00e9n guardamos la informaci\u00f3n personal que sea prove\u00edda por el usuario en su perfil de usuario. Todos los usuarios pueden ver, editar o borrar informaci\u00f3n personal en cualquier momento, (excepto cambiar el nombre de usuario). Los administradores del sitio tambi\u00e9n pueden ver, borrar y editar esa informaci\u00f3n.<\/p>\n\n\n\n<h2 class=\"wp-block-heading\">Tus derechos sobre tu informaci\u00f3n<\/h2>\n\n\n\n<p>Si tienes una cuenta en este sitio, o has dejado comentarios, puedes solicitar el recibir un archivo exportado de tu informaci\u00f3n personal que tenemos acerca de ti, Incluyendo cualquier informaci\u00f3n que hayas prove\u00eddo. Tambi\u00e9n se puede solicitar el borrar cualquier informaci\u00f3n personal que tengamos guardada acerca de ti. Esto no incluye cualquier informaci\u00f3n que estemos obligados a mantener para prop\u00f3sitos de administraci\u00f3n, legal o de seguridad.<\/p>\n\n\n\n<h2 class=\"wp-block-heading\">A d\u00f3nde se env\u00eda tu informaci\u00f3n<\/h2>\n\n\n\n<p>Comentarios de los visitantes pueden ser revisados por un servicio automatizado de detecci\u00f3n de spam.<\/p>\n\n\n\n<h2 class=\"wp-block-heading\">Returns<\/h2>\n\n\n\n<p><strong>Procedimiento de devoluci\u00f3n:<\/strong><\/p>\n\n\n\n<p>Al tratarse de obras de arte, no existen devoluciones, sin embargo, si alguna obra esta da\u00f1ada se puede pedir la devoluci\u00f3n.<\/p>\n\n\n\n<p>Las obras son enviadas con el empaque adecuado para evitar da\u00f1os, los da\u00f1os pueden surgir por parte de las paqueter\u00edas a la hora del env\u00edo, en dado caso no nos hacemos responsables por los da\u00f1os hechos por terceros.<\/p>\n\n\n\n<p>Proceso:<\/p>\n\n\n\n<ol class=\"wp-block-list\">\n<li>Fotograf\u00ede el defecto a reclamar.<\/li>\n\n\n\n<li>Fotograf\u00ede todos los \u00e1ngulos del producto, etiquetas y empaque.<\/li>\n\n\n\n<li>Env\u00ede la factura o ticket de compra del producto reclamado.<\/li>\n\n\n\n<li>Env\u00ede lo anterior al correo a:\u00a0hola@alancreativo.com<\/li>\n<\/ol>\n\n\n\n<p>La resoluci\u00f3n se enviar\u00e1 en un lapso no mayor de 48 horas de confirmar el correo de recibido, de ser aprobada deber\u00e1 llegar a nuestro almac\u00e9n en las mismas condiciones mostrada en las fotograf\u00edas enviadas.<\/p>\n\n\n\n<p>Los cambios o devoluciones est\u00e1n sujetas a validaci\u00f3n del estado del producto. Alan Cabello Arte se reserva el derecho de reparar o remplazar el producto.<\/p>\n\n\n\n<p>I M P O R T A N T E: El producto debe ser enviado en las mismas condiciones en las que fue vendido.<\/p>\n\n\n\n<p><\/p>","protected":false},"excerpt":{"rendered":"<p>Quienes Somos Nuestra direcci\u00f3n es: https:\/\/alancabelloarte.com. Comentarios Cuando los visitantes dejan comentarios en el sitio web, recolectamos informaci\u00f3n que se muestra en el formulario de los comentarios, as\u00ed como la direcci\u00f3n IP y el &#8220;user agent string&#8221; del navegador para ayudar con la detecci\u00f3n del spam. Un &#8220;string&#8221; an\u00f3nimo se crea de tu direcci\u00f3n de [&hellip;]<\/p>\n","protected":false},"author":1,"featured_media":0,"parent":0,"menu_order":0,"comment_status":"closed","ping_status":"closed","template":"","meta":{"_uag_custom_page_level_css":"","site-sidebar-layout":"default","site-content-layout":"","ast-site-content-layout":"default","site-content-style":"default","site-sidebar-style":"default","ast-global-header-display":"","ast-banner-title-visibility":"","ast-main-header-display":"","ast-hfb-above-header-display":"","ast-hfb-below-header-display":"","ast-hfb-mobile-header-display":"","site-post-title":"","ast-breadcrumbs-content":"","ast-featured-img":"","footer-sml-layout":"","ast-disable-related-posts":"","theme-transparent-header-meta":"","adv-header-id-meta":"","stick-header-meta":"","header-above-stick-meta":"","header-main-stick-meta":"","header-below-stick-meta":"","astra-migrate-meta-layouts":"set","ast-page-background-enabled":"default","ast-page-background-meta":{"desktop":{"background-color":"var(--ast-global-color-4)","background-image":"","background-repeat":"repeat","background-position":"center center","background-size":"auto","background-attachment":"scroll","background-type":"","background-media":"","overlay-type":"","overlay-color":"","overlay-opacity":"","overlay-gradient":""},"tablet":{"background-color":"","background-image":"","background-repeat":"repeat","background-position":"center center","background-size":"auto","background-attachment":"scroll","background-type":"","background-media":"","overlay-type":"","overlay-color":"","overlay-opacity":"","overlay-gradient":""},"mobile":{"background-color":"","background-image":"","background-repeat":"repeat","background-position":"center center","background-size":"auto","background-attachment":"scroll","background-type":"","background-media":"","overlay-type":"","overlay-color":"","overlay-opacity":"","overlay-gradient":""}},"ast-content-background-meta":{"desktop":{"background-color":"var(--ast-global-color-5)","background-image":"","background-repeat":"repeat","background-position":"center center","background-size":"auto","background-attachment":"scroll","background-type":"","background-media":"","overlay-type":"","overlay-color":"","overlay-opacity":"","overlay-gradient":""},"tablet":{"background-color":"var(--ast-global-color-5)","background-image":"","background-repeat":"repeat","background-position":"center center","background-size":"auto","background-attachment":"scroll","background-type":"","background-media":"","overlay-type":"","overlay-color":"","overlay-opacity":"","overlay-gradient":""},"mobile":{"background-color":"var(--ast-global-color-5)","background-image":"","background-repeat":"repeat","background-position":"center center","background-size":"auto","background-attachment":"scroll","background-type":"","background-media":"","overlay-type":"","overlay-color":"","overlay-opacity":"","overlay-gradient":""}},"footnotes":""},"class_list":["post-3","page","type-page","status-publish","hentry"],"uagb_featured_image_src":{"full":false,"thumbnail":false,"medium":false,"medium_large":false,"large":false,"1536x1536":false,"2048x2048":false,"trp-custom-language-flag":false,"woocommerce_thumbnail":false,"woocommerce_single":false,"woocommerce_gallery_thumbnail":false},"uagb_author_info":{"display_name":"admin","author_link":"https:\/\/alancabelloarte.com\/en\/author\/admin\/"},"uagb_comment_info":0,"uagb_excerpt":"Quienes Somos Nuestra direcci\u00f3n es: https:\/\/alancabelloarte.com. Comentarios Cuando los visitantes dejan comentarios en el sitio web, recolectamos informaci\u00f3n que se muestra en el formulario de los comentarios, as\u00ed como la direcci\u00f3n IP y el &#8220;user agent string&#8221; del navegador para ayudar con la detecci\u00f3n del spam. Un &#8220;string&#8221; an\u00f3nimo se crea de tu direcci\u00f3n de&hellip;","_links":{"self":[{"href":"https:\/\/alancabelloarte.com\/en\/wp-json\/wp\/v2\/pages\/3","targetHints":{"allow":["GET"]}}],"collection":[{"href":"https:\/\/alancabelloarte.com\/en\/wp-json\/wp\/v2\/pages"}],"about":[{"href":"https:\/\/alancabelloarte.com\/en\/wp-json\/wp\/v2\/types\/page"}],"author":[{"embeddable":true,"href":"https:\/\/alancabelloarte.com\/en\/wp-json\/wp\/v2\/users\/1"}],"replies":[{"embeddable":true,"href":"https:\/\/alancabelloarte.com\/en\/wp-json\/wp\/v2\/comments?post=3"}],"version-history":[{"count":3,"href":"https:\/\/alancabelloarte.com\/en\/wp-json\/wp\/v2\/pages\/3\/revisions"}],"predecessor-version":[{"id":1210,"href":"https:\/\/alancabelloarte.com\/en\/wp-json\/wp\/v2\/pages\/3\/revisions\/1210"}],"wp:attachment":[{"href":"https:\/\/alancabelloarte.com\/en\/wp-json\/wp\/v2\/media?parent=3"}],"curies":[{"name":"wp","href":"https:\/\/api.w.org\/{rel}","templated":true}]}}