{"id":1295,"date":"2025-08-01T19:37:57","date_gmt":"2025-08-01T19:37:57","guid":{"rendered":"https:\/\/alancabelloarte.com\/?post_type=product&#038;p=1295"},"modified":"2025-08-11T20:25:51","modified_gmt":"2025-08-11T20:25:51","slug":"total-monster-invasion-vol-1-la-aventura-inicia-pasta-blanda","status":"publish","type":"product","link":"https:\/\/alancabelloarte.com\/en\/product\/total-monster-invasion-vol-1-la-aventura-inicia-pasta-blanda\/","title":{"rendered":"Total Monster Invasion Vol.1: La Aventura Inicia (Pasta Blanda)"},"content":{"rendered":"<p><img loading=\"lazy\" decoding=\"async\" class=\"size-medium wp-image-1281\" src=\"https:\/\/alancabelloarte.com\/wp-content\/uploads\/2025\/07\/banner-cover-total-monster-invasion-300x93.jpg\" alt=\"Banner Total Monster Invasion\" width=\"300\" height=\"93\" srcset=\"https:\/\/alancabelloarte.com\/wp-content\/uploads\/2025\/07\/banner-cover-total-monster-invasion-300x93.jpg 300w, https:\/\/alancabelloarte.com\/wp-content\/uploads\/2025\/07\/banner-cover-total-monster-invasion-768x238.jpg 768w, https:\/\/alancabelloarte.com\/wp-content\/uploads\/2025\/07\/banner-cover-total-monster-invasion-18x6.jpg 18w, https:\/\/alancabelloarte.com\/wp-content\/uploads\/2025\/07\/banner-cover-total-monster-invasion-600x186.jpg 600w, https:\/\/alancabelloarte.com\/wp-content\/uploads\/2025\/07\/banner-cover-total-monster-invasion.jpg 970w\" sizes=\"auto, (max-width: 300px) 100vw, 300px\" \/><\/p>\n<hr \/>\n<h2><strong><em>Total Monster Invasion VOL. 1: La Aventura Inicia<\/em><\/strong><\/h2>\n<h5>Pasta Blanda, versi\u00f3n en espa\u00f1ol.<\/h5>\n<p>&nbsp;<\/p>\n<p><strong>Author:<\/strong> Alan Cabello<br \/>\n<strong>Ilustraciones:<\/strong> Alan Cabello<br \/>\n<strong>A\u00f1o de publicaci\u00f3n:<\/strong> 2024<\/p>\n<p><strong>N\u00famero de p\u00e1ginas:<\/strong> 165<\/p>\n<p><strong>Edici\u00f3n:<\/strong> 1<\/p>\n<p><strong>Sinopsis:<\/strong><\/p>\n<p>Se supon\u00eda que ser\u00eda solo otro d\u00eda normal en la escuela para Dany, un ni\u00f1o de 11 a\u00f1os\u2026 hasta que todo cambi\u00f3. Sin previo aviso, su mundo es invadido por criaturas de pesadilla: zombis, fantasmas, bestias y un aterrador reino de sombras que se desborda hacia la realidad. Obligado a escapar del colegio junto a su valiente hermana Uva, Dany se encuentra luchando por sobrevivir.<\/p>\n<p>Juntos, los hermanos deber\u00e1n enfrentar sus peores miedos, descubrir fortalezas ocultas y recorrer un mundo que ya no reconocen. Su misi\u00f3n: encontrar el camino de regreso a casa\u2026 si es que todav\u00eda existe. Pero en medio de un apocalipsis monstruoso, \u00bfdos ni\u00f1os realmente tienen alguna oportunidad?<\/p>\n<p>Con la ayuda de aliados extra\u00f1os y poderosos, Dany y Uva emprenden una aventura \u00e9pica para detener al malvado Doctor Calavera y su retorcido plan, antes de que sea demasiado tarde.<\/p>\n<p>Ideal para quienes disfrutan las aventuras emocionantes, el horror escalofriante y las criaturas aterradoras que acechan en la oscuridad.<\/p>\n<p>&nbsp;<\/p>\n<p><span class=\"a-text-italic\"><u>Apto para edades de 10 a\u00f1os en adelante.<\/u><\/span><\/p>\n<hr \/>\n<p><img loading=\"lazy\" decoding=\"async\" class=\"size-medium wp-image-1282\" src=\"https:\/\/alancabelloarte.com\/wp-content\/uploads\/2025\/07\/logo-aplus-300x90.jpg\" alt=\"Banner-2-Total-Monster-Invasion\" width=\"300\" height=\"90\" srcset=\"https:\/\/alancabelloarte.com\/wp-content\/uploads\/2025\/07\/logo-aplus-300x90.jpg 300w, https:\/\/alancabelloarte.com\/wp-content\/uploads\/2025\/07\/logo-aplus-18x5.jpg 18w, https:\/\/alancabelloarte.com\/wp-content\/uploads\/2025\/07\/logo-aplus.jpg 600w\" sizes=\"auto, (max-width: 300px) 100vw, 300px\" \/><\/p>","protected":false},"excerpt":{"rendered":"<hr \/>\n<h2><strong><em>Total Monster Invasion VOL. 1: La Aventura Inicia<\/em><\/strong><\/h2>\n<h5>Pasta Blanda, versi\u00f3n en espa\u00f1ol.<\/h5>\n<p>&nbsp;<\/p>\n<p><strong>Author:<\/strong> Alan Cabello<br \/>\n<strong>Ilustraciones:<\/strong> Alan Cabello<br \/>\n<strong>A\u00f1o de publicaci\u00f3n:<\/strong> 2024<\/p>\n<p><strong>N\u00famero de p\u00e1ginas:<\/strong> 165<\/p>\n<p><strong>Edici\u00f3n:<\/strong> 1<\/p>\n<hr \/>\n<p>&nbsp;<\/p>","protected":false},"featured_media":1290,"template":"","meta":{"_uag_custom_page_level_css":"","site-sidebar-layout":"default","site-content-layout":"","ast-site-content-layout":"default","site-content-style":"default","site-sidebar-style":"default","ast-global-header-display":"","ast-banner-title-visibility":"","ast-main-header-display":"","ast-hfb-above-header-display":"","ast-hfb-below-header-display":"","ast-hfb-mobile-header-display":"","site-post-title":"","ast-breadcrumbs-content":"","ast-featured-img":"","footer-sml-layout":"","ast-disable-related-posts":"","theme-transparent-header-meta":"default","adv-header-id-meta":"","stick-header-meta":"","header-above-stick-meta":"","header-main-stick-meta":"","header-below-stick-meta":"","astra-migrate-meta-layouts":"set","ast-page-background-enabled":"default","ast-page-background-meta":{"desktop":{"background-color":"var(--ast-global-color-4)","background-image":"","background-repeat":"repeat","background-position":"center center","background-size":"auto","background-attachment":"scroll","background-type":"","background-media":"","overlay-type":"","overlay-color":"","overlay-opacity":"","overlay-gradient":""},"tablet":{"background-color":"","background-image":"","background-repeat":"repeat","background-position":"center center","background-size":"auto","background-attachment":"scroll","background-type":"","background-media":"","overlay-type":"","overlay-color":"","overlay-opacity":"","overlay-gradient":""},"mobile":{"background-color":"","background-image":"","background-repeat":"repeat","background-position":"center center","background-size":"auto","background-attachment":"scroll","background-type":"","background-media":"","overlay-type":"","overlay-color":"","overlay-opacity":"","overlay-gradient":""}},"ast-content-background-meta":{"desktop":{"background-color":"var(--ast-global-color-5)","background-image":"","background-repeat":"repeat","background-position":"center center","background-size":"auto","background-attachment":"scroll","background-type":"","background-media":"","overlay-type":"","overlay-color":"","overlay-opacity":"","overlay-gradient":""},"tablet":{"background-color":"var(--ast-global-color-5)","background-image":"","background-repeat":"repeat","background-position":"center center","background-size":"auto","background-attachment":"scroll","background-type":"","background-media":"","overlay-type":"","overlay-color":"","overlay-opacity":"","overlay-gradient":""},"mobile":{"background-color":"var(--ast-global-color-5)","background-image":"","background-repeat":"repeat","background-position":"center center","background-size":"auto","background-attachment":"scroll","background-type":"","background-media":"","overlay-type":"","overlay-color":"","overlay-opacity":"","overlay-gradient":""}}},"product_brand":[],"product_cat":[32,17,28,16,33],"product_tag":[],"class_list":{"0":"post-1295","1":"product","2":"type-product","3":"status-publish","4":"has-post-thumbnail","6":"product_cat-libros","7":"product_cat-libros-y-comics","8":"product_cat-nuevo","9":"product_cat-todos-los-productos","10":"product_cat-total-monster-invasion","11":"desktop-align-left","12":"tablet-align-left","13":"mobile-align-left","15":"first","16":"instock","17":"taxable","18":"shipping-taxable","19":"purchasable","20":"product-type-simple"},"uagb_featured_image_src":{"full":["https:\/\/alancabelloarte.com\/wp-content\/uploads\/2025\/08\/tmi-cover-paperback.jpg",800,800,false],"thumbnail":["https:\/\/alancabelloarte.com\/wp-content\/uploads\/2025\/08\/tmi-cover-paperback-150x150.jpg",150,150,true],"medium":["https:\/\/alancabelloarte.com\/wp-content\/uploads\/2025\/08\/tmi-cover-paperback-300x300.jpg",300,300,true],"medium_large":["https:\/\/alancabelloarte.com\/wp-content\/uploads\/2025\/08\/tmi-cover-paperback-768x768.jpg",768,768,true],"large":["https:\/\/alancabelloarte.com\/wp-content\/uploads\/2025\/08\/tmi-cover-paperback.jpg",800,800,false],"1536x1536":["https:\/\/alancabelloarte.com\/wp-content\/uploads\/2025\/08\/tmi-cover-paperback.jpg",800,800,false],"2048x2048":["https:\/\/alancabelloarte.com\/wp-content\/uploads\/2025\/08\/tmi-cover-paperback.jpg",800,800,false],"trp-custom-language-flag":["https:\/\/alancabelloarte.com\/wp-content\/uploads\/2025\/08\/tmi-cover-paperback-12x12.jpg",12,12,true],"woocommerce_thumbnail":["https:\/\/alancabelloarte.com\/wp-content\/uploads\/2025\/08\/tmi-cover-paperback-300x300.jpg",300,300,true],"woocommerce_single":["https:\/\/alancabelloarte.com\/wp-content\/uploads\/2025\/08\/tmi-cover-paperback-600x600.jpg",600,600,true],"woocommerce_gallery_thumbnail":["https:\/\/alancabelloarte.com\/wp-content\/uploads\/2025\/08\/tmi-cover-paperback-100x100.jpg",100,100,true]},"uagb_author_info":{"display_name":"admin","author_link":"https:\/\/alancabelloarte.com\/en\/author\/"},"uagb_comment_info":0,"uagb_excerpt":"Total Monster Invasion VOL. 1: La Aventura Inicia Pasta Blanda, versi\u00f3n en espa\u00f1ol. &nbsp; Autor: Alan Cabello Ilustraciones: Alan Cabello A\u00f1o de publicaci\u00f3n: 2024 N\u00famero de p\u00e1ginas: 165 Edici\u00f3n: 1 &nbsp;","_links":{"self":[{"href":"https:\/\/alancabelloarte.com\/en\/wp-json\/wp\/v2\/product\/1295","targetHints":{"allow":["GET"]}}],"collection":[{"href":"https:\/\/alancabelloarte.com\/en\/wp-json\/wp\/v2\/product"}],"about":[{"href":"https:\/\/alancabelloarte.com\/en\/wp-json\/wp\/v2\/types\/product"}],"wp:featuredmedia":[{"embeddable":true,"href":"https:\/\/alancabelloarte.com\/en\/wp-json\/wp\/v2\/media\/1290"}],"wp:attachment":[{"href":"https:\/\/alancabelloarte.com\/en\/wp-json\/wp\/v2\/media?parent=1295"}],"wp:term":[{"taxonomy":"product_brand","embeddable":true,"href":"https:\/\/alancabelloarte.com\/en\/wp-json\/wp\/v2\/product_brand?post=1295"},{"taxonomy":"product_cat","embeddable":true,"href":"https:\/\/alancabelloarte.com\/en\/wp-json\/wp\/v2\/product_cat?post=1295"},{"taxonomy":"product_tag","embeddable":true,"href":"https:\/\/alancabelloarte.com\/en\/wp-json\/wp\/v2\/product_tag?post=1295"}],"curies":[{"name":"wp","href":"https:\/\/api.w.org\/{rel}","templated":true}]}}