{"id":91,"date":"2022-02-22T14:43:41","date_gmt":"2022-02-22T14:43:41","guid":{"rendered":"https:\/\/alancabelloarte.com\/product\/ceramic-blue-vase\/"},"modified":"2024-05-29T18:28:10","modified_gmt":"2024-05-29T18:28:10","slug":"giorno-a-varenna","status":"publish","type":"product","link":"https:\/\/alancabelloarte.com\/en\/product\/giorno-a-varenna\/","title":{"rendered":"Un Giorno a Varenna"},"content":{"rendered":"<hr \/>\n<figure id=\"attachment_1062\" aria-describedby=\"caption-attachment-1062\" style=\"width: 481px\" class=\"wp-caption alignnone\"><img loading=\"lazy\" decoding=\"async\" class=\"wp-image-1062\" src=\"https:\/\/alancabelloarte.com\/wp-content\/uploads\/2022\/02\/IG-Un-giorno-a-Varenna-muestra-300x300.jpg\" alt=\"Un giorno a Varenna muestra\" width=\"481\" height=\"481\" srcset=\"https:\/\/alancabelloarte.com\/wp-content\/uploads\/2022\/02\/IG-Un-giorno-a-Varenna-muestra-300x300.jpg 300w, https:\/\/alancabelloarte.com\/wp-content\/uploads\/2022\/02\/IG-Un-giorno-a-Varenna-muestra-1024x1024.jpg 1024w, https:\/\/alancabelloarte.com\/wp-content\/uploads\/2022\/02\/IG-Un-giorno-a-Varenna-muestra-150x150.jpg 150w, https:\/\/alancabelloarte.com\/wp-content\/uploads\/2022\/02\/IG-Un-giorno-a-Varenna-muestra-768x768.jpg 768w, https:\/\/alancabelloarte.com\/wp-content\/uploads\/2022\/02\/IG-Un-giorno-a-Varenna-muestra-600x600.jpg 600w, https:\/\/alancabelloarte.com\/wp-content\/uploads\/2022\/02\/IG-Un-giorno-a-Varenna-muestra-100x100.jpg 100w, https:\/\/alancabelloarte.com\/wp-content\/uploads\/2022\/02\/IG-Un-giorno-a-Varenna-muestra.jpg 1080w\" sizes=\"auto, (max-width: 481px) 100vw, 481px\" \/><figcaption id=\"caption-attachment-1062\" class=\"wp-caption-text\">Un giorno a Varenna muestra<\/figcaption><\/figure>\n<h2><strong>&#8220;Un Giorno a Varenna&#8221; <em>(A Day in Varenna)<\/em><\/strong><\/h2>\n<h5>Varenna the north city from Italy, next to the Como Lake.<\/h5>\n<p>&nbsp;<\/p>\n<p><strong>Author:<\/strong> Alan Cabello<br \/>\n<strong>Technique:<\/strong> Oil on Wood<br \/>\n<strong>Style:<\/strong> Impressionist<br \/>\n<strong>Year:<\/strong> 2019<br \/>\n<strong>Size:<\/strong> Little (25 x 20 cms.)<\/p>\n<p><em>*Signed. Includes authenticity certificate. Frame is not included.<\/em><\/p>\n<p>&nbsp;<\/p>\n<hr \/>\n<p>&nbsp;<\/p>","protected":false},"excerpt":{"rendered":"<p>&nbsp;<\/p>\n<hr \/>\n<h2><\/h2>\n<h2><strong><em>(A Day in Varenna)<\/em><\/strong><\/h2>\n<h5>Italian oil painting landscape<\/h5>\n<h5>Varenna the north city from Italy, next to the Como Lake.<\/h5>\n<p>&nbsp;<\/p>\n<p><strong>Author:<\/strong> Alan Cabello<br \/>\n<strong>Technique:<\/strong> Oil on Wood<br \/>\n<strong>Style:<\/strong> Impressionist<br \/>\n<strong>Year:<\/strong> 2019<br \/>\n<strong>Size:<\/strong> Little (25 x 20 cms.)<\/p>\n<p><em>*Signed. Includes authenticity certificate. Frame is not included.<\/em><\/p>\n<p>&nbsp;<\/p>\n<hr \/>\n<p>&nbsp;<\/p>","protected":false},"featured_media":1057,"template":"","meta":{"_uag_custom_page_level_css":"","site-sidebar-layout":"default","site-content-layout":"default","ast-site-content-layout":"default","site-content-style":"default","site-sidebar-style":"default","ast-global-header-display":"","ast-banner-title-visibility":"","ast-main-header-display":"","ast-hfb-above-header-display":"","ast-hfb-below-header-display":"","ast-hfb-mobile-header-display":"","site-post-title":"","ast-breadcrumbs-content":"","ast-featured-img":"","footer-sml-layout":"","ast-disable-related-posts":"","theme-transparent-header-meta":"default","adv-header-id-meta":"","stick-header-meta":"","header-above-stick-meta":"","header-main-stick-meta":"","header-below-stick-meta":"","astra-migrate-meta-layouts":"set","ast-page-background-enabled":"default","ast-page-background-meta":{"desktop":{"background-color":"var(--ast-global-color-4)","background-image":"","background-repeat":"repeat","background-position":"center center","background-size":"auto","background-attachment":"scroll","background-type":"","background-media":"","overlay-type":"","overlay-color":"","overlay-opacity":"","overlay-gradient":""},"tablet":{"background-color":"","background-image":"","background-repeat":"repeat","background-position":"center center","background-size":"auto","background-attachment":"scroll","background-type":"","background-media":"","overlay-type":"","overlay-color":"","overlay-opacity":"","overlay-gradient":""},"mobile":{"background-color":"","background-image":"","background-repeat":"repeat","background-position":"center center","background-size":"auto","background-attachment":"scroll","background-type":"","background-media":"","overlay-type":"","overlay-color":"","overlay-opacity":"","overlay-gradient":""}},"ast-content-background-meta":{"desktop":{"background-color":"var(--ast-global-color-5)","background-image":"","background-repeat":"repeat","background-position":"center center","background-size":"auto","background-attachment":"scroll","background-type":"","background-media":"","overlay-type":"","overlay-color":"","overlay-opacity":"","overlay-gradient":""},"tablet":{"background-color":"var(--ast-global-color-5)","background-image":"","background-repeat":"repeat","background-position":"center center","background-size":"auto","background-attachment":"scroll","background-type":"","background-media":"","overlay-type":"","overlay-color":"","overlay-opacity":"","overlay-gradient":""},"mobile":{"background-color":"var(--ast-global-color-5)","background-image":"","background-repeat":"repeat","background-position":"center center","background-size":"auto","background-attachment":"scroll","background-type":"","background-media":"","overlay-type":"","overlay-color":"","overlay-opacity":"","overlay-gradient":""}}},"product_brand":[],"product_cat":[29,26,30,27,16],"product_tag":[],"class_list":{"0":"post-91","1":"product","2":"type-product","3":"status-publish","4":"has-post-thumbnail","6":"product_cat-impresionista","7":"product_cat-oleo","8":"product_cat-paisajes","9":"product_cat-pintura","10":"product_cat-todos-los-productos","11":"desktop-align-left","12":"tablet-align-left","13":"mobile-align-left","15":"first","16":"instock","17":"sold-individually","18":"taxable","19":"shipping-taxable","20":"purchasable","21":"product-type-simple"},"uagb_featured_image_src":{"full":["https:\/\/alancabelloarte.com\/wp-content\/uploads\/2022\/02\/un-giorno-a-vaernna-pintura-oleo-producto.jpg",382,525,false],"thumbnail":["https:\/\/alancabelloarte.com\/wp-content\/uploads\/2022\/02\/un-giorno-a-vaernna-pintura-oleo-producto-150x150.jpg",150,150,true],"medium":["https:\/\/alancabelloarte.com\/wp-content\/uploads\/2022\/02\/un-giorno-a-vaernna-pintura-oleo-producto-218x300.jpg",218,300,true],"medium_large":["https:\/\/alancabelloarte.com\/wp-content\/uploads\/2022\/02\/un-giorno-a-vaernna-pintura-oleo-producto.jpg",382,525,false],"large":["https:\/\/alancabelloarte.com\/wp-content\/uploads\/2022\/02\/un-giorno-a-vaernna-pintura-oleo-producto.jpg",382,525,false],"1536x1536":["https:\/\/alancabelloarte.com\/wp-content\/uploads\/2022\/02\/un-giorno-a-vaernna-pintura-oleo-producto.jpg",382,525,false],"2048x2048":["https:\/\/alancabelloarte.com\/wp-content\/uploads\/2022\/02\/un-giorno-a-vaernna-pintura-oleo-producto.jpg",382,525,false],"trp-custom-language-flag":["https:\/\/alancabelloarte.com\/wp-content\/uploads\/2022\/02\/un-giorno-a-vaernna-pintura-oleo-producto.jpg",9,12,false],"woocommerce_thumbnail":["https:\/\/alancabelloarte.com\/wp-content\/uploads\/2022\/02\/un-giorno-a-vaernna-pintura-oleo-producto-300x300.jpg",300,300,true],"woocommerce_single":["https:\/\/alancabelloarte.com\/wp-content\/uploads\/2022\/02\/un-giorno-a-vaernna-pintura-oleo-producto.jpg",382,525,false],"woocommerce_gallery_thumbnail":["https:\/\/alancabelloarte.com\/wp-content\/uploads\/2022\/02\/un-giorno-a-vaernna-pintura-oleo-producto-100x100.jpg",100,100,true]},"uagb_author_info":{"display_name":"admin","author_link":"https:\/\/alancabelloarte.com\/en\/author\/"},"uagb_comment_info":0,"uagb_excerpt":"&nbsp; (Un d\u00eda en Varenna) Pintura de un paisaje italiano, Varenna la ciudad del norte de Italia, junto al lago de Como. &nbsp; Autor: Alan Cabello T\u00e9cnica: \u00d3leo sobre madera Estilo: Impresionista A\u00f1o: 2019 Tama\u00f1o: Peque\u00f1o (25 x 20 cms.) *Firmado. Incluye Certificado de autenticidad. Marco es s\u00f3lo de muestra. &nbsp; &nbsp;","_links":{"self":[{"href":"https:\/\/alancabelloarte.com\/en\/wp-json\/wp\/v2\/product\/91","targetHints":{"allow":["GET"]}}],"collection":[{"href":"https:\/\/alancabelloarte.com\/en\/wp-json\/wp\/v2\/product"}],"about":[{"href":"https:\/\/alancabelloarte.com\/en\/wp-json\/wp\/v2\/types\/product"}],"wp:featuredmedia":[{"embeddable":true,"href":"https:\/\/alancabelloarte.com\/en\/wp-json\/wp\/v2\/media\/1057"}],"wp:attachment":[{"href":"https:\/\/alancabelloarte.com\/en\/wp-json\/wp\/v2\/media?parent=91"}],"wp:term":[{"taxonomy":"product_brand","embeddable":true,"href":"https:\/\/alancabelloarte.com\/en\/wp-json\/wp\/v2\/product_brand?post=91"},{"taxonomy":"product_cat","embeddable":true,"href":"https:\/\/alancabelloarte.com\/en\/wp-json\/wp\/v2\/product_cat?post=91"},{"taxonomy":"product_tag","embeddable":true,"href":"https:\/\/alancabelloarte.com\/en\/wp-json\/wp\/v2\/product_tag?post=91"}],"curies":[{"name":"wp","href":"https:\/\/api.w.org\/{rel}","templated":true}]}}